{"id":6104,"date":"2016-06-22T15:11:57","date_gmt":"2016-06-22T12:11:57","guid":{"rendered":"http:\/\/www.tmrtder.org.tr\/?page_id=6104"},"modified":"2018-11-03T17:22:14","modified_gmt":"2018-11-03T15:22:14","slug":"education-and-scientific-committee","status":"publish","type":"page","link":"https:\/\/www.tmrtder.org.tr\/en\/education-and-scientific-committee","title":{"rendered":"Education and Scientific Committee"},"content":{"rendered":"<p><strong>Heads of Education and Scientific Committee<\/strong><\/p>\n<ul>\n<li>H\u00fcseyin Ozan TEK\u0130N<\/li>\n<li>Nezaket \u00d6ZG\u00dcR<\/li>\n<\/ul>\n<p>&nbsp;<\/p>\n<p>Prof.Dr. F.Demir APAYDIN &#8211; MERS\u0130N \u00dcN\u0130VERS\u0130TES\u0130 TIP FAK.HAST.RADYOLOJ\u0130 fdapaydin68@gmail.com<br \/>\nProf.Dr. G\u00fcl Ay\u015fe ERDEN &#8211; ANKARA \u00dcN\u0130VERS\u0130TES\u0130 TIP.FAK. aerden@medicine.ankara.edu.tr<br \/>\nProf.Dr. \u0130lhan ERDEN &#8211; ANKARA \u00dcN\u0130VERS\u0130TES\u0130 TIP.FAK. erden@medicine.ankara.edu.tr<br \/>\nProf.Dr. Meltem Nass DUCE &#8211; MERS\u0130N \u00dcN\u0130VERS\u0130TES\u0130 TIP FAK. HAST.BA\u015eHEK\u0130M\u0130 mnduce@hotmail.com<br \/>\nProf.Dr. Muammmer Hakki KARAKA\u015e &#8211; \u0130ST KAMU HAST.KUZEY ANADOLU RADYOLOJ\u0130 SORUMLUSU hakki.karakas@gmail.com<br \/>\nProf.Dr. Muhte\u015fem AGILDERE &#8211; ANKARA BA\u015eKENT \u00dcN\u0130V. muhtesema@gmail.com<br \/>\nProf.Dr. M\u00fcfit PARLAK &#8211; BURSA ULUDA\u011e \u00dcN\u0130V. mparlak@uludag.edu.tr<br \/>\nProf.Dr. Na\u0130l BULAKBA\u015eI &#8211; KIBRIS YAKINDO\u011eU \u00dcN\u0130V. nbulakbasi@gmail.com<br \/>\nProf.Dr. Nevra ELMAS &#8211; \u0130ZM\u0130R EGE \u00dcN\u0130VERS\u0130TES\u0130 nevraelmas@gmail.com<br \/>\nProf.Dr. Orhan UYAR &#8211; \u0130ZM\u0130R KAT\u0130P CELEB\u0130 ATAT\u00dcRK \u00dcN\u0130VERS\u0130TES\u0130 RADYOLOJ\u0130 o_oyar@hotmail.com<br \/>\nProf.Dr. \u00dclk\u00fc KER\u0130MO\u011eLU &#8211; KONYA MERAM TIP FAK. kerimogluulku@yahoo.com<br \/>\nProf.Dr. Yelda \u00d6ZSUNAR DAYANIR &#8211; AYDIN ADNAN MENDERES \u00dcN\u0130V. yeldaozsunar@gmail.com<br \/>\nProf.Dr. Y\u00fcksel PABU\u015eCU &#8211; CELAL BAYAR \u00dcN\u0130VERS\u0130TES\u0130 TIP FAK\u00dcLTES\u0130 RADYOD\u0130AGNOST\u0130K ANAB\u0130L\u0130M DALI pabuscu@gmail.com<br \/>\nProf. Ya\u015far BUKTE &#8211; UMRAN\u0130YE E\u011e\u0130T\u0130M ARA\u015eTIRMA MERKEZ\u0130 ybukte@hotmail.com<br \/>\nDo\u00e7.Dr. SUZAN \u015eAYLISOY ESK\u0130\u015eEH\u0130R OSMANGAZ\u0130 \u00dcN\u0130V sunasel06@yahoo.com<br \/>\nDo\u00e7.Dr. Ali YIKILMAZ &#8211; MEDEN\u0130YET \u00dcN\u0130VERS\u0130TES\u0130 G\u00d6ZTEPE E\u011e\u0130T\u0130M ARA\u015eTIRMA dryikilmaz@yahoo.com<br \/>\nDo\u00e7.Dr. Ay\u015feg\u00fcl YURT &#8211; \u0130ZM\u0130R DOKUZ EYL\u00dcL \u00dcN\u0130V. aysegul.yurt@gmail.com<br \/>\nDo\u00e7.Dr. G\u00f6k\u00e7e Kaan ATA\u00c7 &#8211; ANKARA UFUK \u00dcN\u0130V. gokcekaan_atac@yahoo.com<br \/>\nDo\u00e7.Dr. Mehmet CABUK &#8211; B\u00dcLENT ECEV\u0130T \u00dcN\u0130VERS\u0130TES\u0130 mehmetcabuk87@yahoo.com<br \/>\nDo\u00e7.Dr. Muzaffer BA\u015eAK &#8211; \u0130STANBUL \u015e\u0130\u015eL\u0130 ETFAL HAST. muzafferbasak@gmail.com<br \/>\nYrd.Do\u00e7. Nuran AKYURT &#8211; \u0130STANBUL MARMARA \u00dcN\u0130V. nakyurt@marmara.edu.tr<br \/>\nYrd.Do\u00e7. DR.\u00d6z\u00fcm TUNCY\u00dcREK &#8211; AYDIN ADNAN MENDERES \u00dcN\u0130V. ozum.tuncyurek@gmail.com<br \/>\nYrd.Do\u00e7.Dr. H. Ozan TEK\u0130N &#8211; \u0130STANBUL \u00dcSK\u00dcDAR \u00dcN\u0130V. huseyinozan.tekin@uskudar.edu.tr<br \/>\nUzm.Dr. Mustafa Cantay G\u00d6K &#8211; OKMEYDANI E\u011e\u0130T\u0130M VE ARA\u015eTIRMA HASTANES\u0130 mcantaygok@gmail.com<br \/>\nUZM.DR. RECA\u0130 G\u00d6KCAN UMRAN\u0130YE E\u011e\u0130T\u0130M ARA\u015eTIRMA MERKEZ\u0130 recaigokcan@gmail.com<br \/>\nUZM.DR. VOLKAN KAHVEC\u0130 MERS\u0130N DEVLET HASTANES\u0130 TIBB\u0130 H\u0130ZMETLER BA\u015eKANI drkahveci@gmail.com<br \/>\nDR. \u00dcM\u0130T KARA ISPARTA S\u00dcLEYMAN DEM\u0130REL \u00dcN\u0130V. \u00a0umitkara1983@gmail.com<br \/>\n\u00d6\u011eR G\u00d6R.SEFA I\u015eIKLAR BURSA ULUDA\u011e \u00dcN\u0130V. sefaisiklar@uludag.edu.tr<br \/>\nM\u00dcGE B\u00d6L\u00dcKKAYA MERS\u0130N \u00dcN\u0130VERS\u0130TES\u0130 TIP FAK. HAST.RADYOLOJ\u0130 AD SOR. TEK nurmuge81@hotmail.com<\/p>\n<hr \/>\n<p><a href=\"http:\/\/www.tmrtder.org.tr\/wp-content\/uploads\/2016\/06\/tmrt-der-bilimsel-danisma-kurulu-2016-1.xlsx\" target=\"_blank\" rel=\"noopener noreferrer\">Click here for Scientific Advisory Board excel file<br \/>\n<\/a><\/p>\n","protected":false},"excerpt":{"rendered":"<p>Heads of Education and Scientific Committee H\u00fcseyin Ozan TEK\u0130N Nezaket \u00d6ZG\u00dcR &nbsp; Prof.Dr. F.Demir APAYDIN &#8211; MERS\u0130N \u00dcN\u0130VERS\u0130TES\u0130 TIP FAK.HAST.RADYOLOJ\u0130 fdapaydin68@gmail.com Prof.Dr. G\u00fcl Ay\u015fe ERDEN &#8211; ANKARA \u00dcN\u0130VERS\u0130TES\u0130 TIP.FAK. aerden@medicine.ankara.edu.tr Prof.Dr. \u0130lhan ERDEN &#8211; ANKARA \u00dcN\u0130VERS\u0130TES\u0130 TIP.FAK. erden@medicine.ankara.edu.tr Prof.Dr. Meltem Nass DUCE &#8211; MERS\u0130N \u00dcN\u0130VERS\u0130TES\u0130 TIP FAK. HAST.BA\u015eHEK\u0130M\u0130 mnduce@hotmail.com Prof.Dr. Muammmer Hakki KARAKA\u015e &#8211; \u0130ST [&hellip;]<\/p>\n","protected":false},"author":12,"featured_media":0,"parent":0,"menu_order":0,"comment_status":"closed","ping_status":"closed","template":"","meta":{"footnotes":""},"class_list":["post-6104","page","type-page","status-publish","hentry"],"_links":{"self":[{"href":"https:\/\/www.tmrtder.org.tr\/en\/wp-json\/wp\/v2\/pages\/6104","targetHints":{"allow":["GET"]}}],"collection":[{"href":"https:\/\/www.tmrtder.org.tr\/en\/wp-json\/wp\/v2\/pages"}],"about":[{"href":"https:\/\/www.tmrtder.org.tr\/en\/wp-json\/wp\/v2\/types\/page"}],"author":[{"embeddable":true,"href":"https:\/\/www.tmrtder.org.tr\/en\/wp-json\/wp\/v2\/users\/12"}],"replies":[{"embeddable":true,"href":"https:\/\/www.tmrtder.org.tr\/en\/wp-json\/wp\/v2\/comments?post=6104"}],"version-history":[{"count":17,"href":"https:\/\/www.tmrtder.org.tr\/en\/wp-json\/wp\/v2\/pages\/6104\/revisions"}],"predecessor-version":[{"id":10346,"href":"https:\/\/www.tmrtder.org.tr\/en\/wp-json\/wp\/v2\/pages\/6104\/revisions\/10346"}],"wp:attachment":[{"href":"https:\/\/www.tmrtder.org.tr\/en\/wp-json\/wp\/v2\/media?parent=6104"}],"curies":[{"name":"wp","href":"https:\/\/api.w.org\/{rel}","templated":true}]}}