{"id":10320,"date":"2018-11-03T16:28:08","date_gmt":"2018-11-03T14:28:08","guid":{"rendered":"https:\/\/www.tmrtder.org.tr\/en\/?page_id=10320"},"modified":"2025-09-21T21:10:27","modified_gmt":"2025-09-21T18:10:27","slug":"working-groups","status":"publish","type":"page","link":"https:\/\/www.tmrtder.org.tr\/en\/working-groups","title":{"rendered":"Working Groups"},"content":{"rendered":"\t\t<div data-elementor-type=\"wp-page\" data-elementor-id=\"10320\" class=\"elementor elementor-10320\" data-elementor-post-type=\"page\">\n\t\t\t\t<div class=\"elementor-element elementor-element-11d196ee e-flex e-con-boxed e-con e-parent\" data-id=\"11d196ee\" data-element_type=\"container\">\n\t\t\t\t\t<div class=\"e-con-inner\">\n\t\t\t\t<div class=\"elementor-element elementor-element-40e78efc elementor-widget elementor-widget-text-editor\" data-id=\"40e78efc\" data-element_type=\"widget\" data-widget_type=\"text-editor.default\">\n\t\t\t\t<div class=\"elementor-widget-container\">\n\t\t\t\t\t\t\t<h3>Law Commission<\/h3><ul><li>Onur Y\u0131ld\u0131r\u0131m | onur.yidirim@tmrtder.org.tr<\/li><li>Ahmet Sar\u0131mehmet | ahmet.sarimehmet61@gmail.com<\/li><\/ul><hr \/><h3>Organization and Representation<\/h3><ul><li>Volkan G\u00f6rg\u00fc | volkan.gorgu@tmrtder.org.tr<\/li><li>Hasan Cant\u00fcrk | hasan.canturk@tmrtder.org.tr<\/li><li>Ahmet Sar\u0131mehmet | ahmet.sarimehmet61@gmail.com<\/li><li>Tevfik Yi\u011fit | tevfik.yigit@tmrtder.org.tr<\/li><li>\u00dcnal \u00c7etinba\u015f | unal.cetinbas@tmrtder.org.tr<\/li><\/ul><hr \/><h3>National and International Institutional Relations and Projects<\/h3><ul><li>Mehmet Erkek | mehmet.erkek@tmrtder.org.tr<\/li><li>Nezaket \u00d6zg\u00fcr | nezaket.ozgur@tmrtder.org.tr<\/li><li>Ayd\u0131n Kuran | aydin.kuran @tmrtder.org.tr<br \/>\u00dcnal \u00c7etinba\u015f | unal.cetinbas@tmrtder.org.tr<\/li><\/ul><hr \/>\t\t\t\t\t\t<\/div>\n\t\t\t\t<\/div>\n\t\t\t\t\t<\/div>\n\t\t\t\t<\/div>\n\t\t\t\t<\/div>\n\t\t","protected":false},"excerpt":{"rendered":"<p>Law Commission Onur Y\u0131ld\u0131r\u0131m | onur.yidirim@tmrtder.org.tr Ahmet Sar\u0131mehmet | ahmet.sarimehmet61@gmail.com Organization and Representation Volkan G\u00f6rg\u00fc | volkan.gorgu@tmrtder.org.tr Hasan Cant\u00fcrk | hasan.canturk@tmrtder.org.tr Ahmet Sar\u0131mehmet | ahmet.sarimehmet61@gmail.com Tevfik Yi\u011fit | tevfik.yigit@tmrtder.org.tr \u00dcnal \u00c7etinba\u015f | unal.cetinbas@tmrtder.org.tr National and International Institutional Relations and Projects Mehmet Erkek | mehmet.erkek@tmrtder.org.tr Nezaket \u00d6zg\u00fcr | nezaket.ozgur@tmrtder.org.tr Ayd\u0131n Kuran | aydin.kuran @tmrtder.org.tr\u00dcnal \u00c7etinba\u015f | [&hellip;]<\/p>\n","protected":false},"author":12,"featured_media":0,"parent":0,"menu_order":0,"comment_status":"closed","ping_status":"closed","template":"","meta":{"footnotes":""},"class_list":["post-10320","page","type-page","status-publish","hentry"],"_links":{"self":[{"href":"https:\/\/www.tmrtder.org.tr\/en\/wp-json\/wp\/v2\/pages\/10320","targetHints":{"allow":["GET"]}}],"collection":[{"href":"https:\/\/www.tmrtder.org.tr\/en\/wp-json\/wp\/v2\/pages"}],"about":[{"href":"https:\/\/www.tmrtder.org.tr\/en\/wp-json\/wp\/v2\/types\/page"}],"author":[{"embeddable":true,"href":"https:\/\/www.tmrtder.org.tr\/en\/wp-json\/wp\/v2\/users\/12"}],"replies":[{"embeddable":true,"href":"https:\/\/www.tmrtder.org.tr\/en\/wp-json\/wp\/v2\/comments?post=10320"}],"version-history":[{"count":10,"href":"https:\/\/www.tmrtder.org.tr\/en\/wp-json\/wp\/v2\/pages\/10320\/revisions"}],"predecessor-version":[{"id":17997,"href":"https:\/\/www.tmrtder.org.tr\/en\/wp-json\/wp\/v2\/pages\/10320\/revisions\/17997"}],"wp:attachment":[{"href":"https:\/\/www.tmrtder.org.tr\/en\/wp-json\/wp\/v2\/media?parent=10320"}],"curies":[{"name":"wp","href":"https:\/\/api.w.org\/{rel}","templated":true}]}}